{"id":74,"date":"2011-07-17T11:04:40","date_gmt":"2011-07-17T11:04:40","guid":{"rendered":"http:\/\/www.kariranta.com\/?page_id=74"},"modified":"2024-02-24T18:55:42","modified_gmt":"2024-02-24T18:55:42","slug":"cv","status":"publish","type":"page","link":"http:\/\/www.kariranta.com\/?page_id=74","title":{"rendered":"CV"},"content":{"rendered":"<style>\n.site-header-image{<br \/>\nheight: 300px !important;<br \/>\nbackground-color:;}<br \/>\n<\/style>\n<p>Saara-Maria Kariranta<br \/>\nLiving and working in Inkoo, Finland<br \/>\n+358 40 832 6631\u2028saaramaria.kariranta@gmail.com<br \/>\n&nbsp;<br \/>\n<strong>Studies<\/strong><br \/>\n2022- Doctoral studies, University of Lapland, Finland<br \/>\n2012 Sculpture, Master of Fine Arts (MFA), Finnish Academy of Fine Arts<br \/>\n2009 Specialization studies of Fine Arts 60 cr, Lahti University of Applied Sciences, institute of Fine Arts<br \/>\n2005 Media arts specialization studies, 30 cr, Media and Art Tampere University of Applied Sciences<br \/>\n2003 Sculpture, BA, Satakunta University of Applied Sciences, Faculty of Culture Kankaanp\u00e4\u00e4, Finland<br \/>\n1999 Visual Communication, Laajasalo Christian Institute, Helsinki, Finland<br \/>\n&nbsp;<br \/>\n<strong>Solo exhibitions<br \/>\n<\/strong>2022 Galleria Uusikuva, Kotka, Finland (with Hilasvuori, Priha)<br \/>\n2021 Gallery AMA, (with Somppi, Heino)<br \/>\n2019 Gallery Huuto, (with Somppi), Helsinki, Finland<br \/>\n2017 Gallery AMA, Helsinki, (with Somppi, Heino)<br \/>\n2014 Gallery Oksasenkatu11, (with Pekka Niittyvirta) Helsinki, Finland<br \/>\n2014 Gallery Rantakasarmi, Helsinki, Finland<br \/>\n2013 Gallery Huuto J\u00e4tk\u00e4saari, Helsinki, Finland<br \/>\n2013 Gallery Alkovi,(with Pekka Niittyvirta), Helsinki, Finland<br \/>\n2010 Gallery FAFA, Helsinki, Finland<br \/>\n2008 Titanik Gallery, Turku, Finland<br \/>\n2008 Gallery Huoltamo, Tampere, Finland<\/p>\n<p><strong>Group exhibitions<br \/>\n<\/strong>2023 M\u00e4nt\u00e4n \u00e4\u00e4rell\u00e4, M\u00e4ntt\u00e4, Finland<br \/>\n2023 Solar Punk Arts Festival, Rjukan, Norway<br \/>\n2023 Nature-scape, Sixtyeight Art Institute, Copenhagen, Denmark<br \/>\n2022-23 What Remains?, Atelierhaus Schaumbad, Graz, Austria<br \/>\n2022 Ostaritutkimuksia\/Shopping Mall Investigations, Helsinki, Finland<br \/>\n2022 Political Conversation Through Aesthetic, Inkoo Municipality Council, Finland<br \/>\n2021-2022 Ilmassa On the Air, Kerava Art Museum Sinkka, Kerava<br \/>\n2021 Point of No Return, Narva Art Residency, Estonia<br \/>\n2020 POFO-Show, Gallery Augusta, HIAP, Helsinki (in collaboration with Vainio, Ker\u00e4nen)<br \/>\n2019 FLASH2- silm\u00e4t auki Suomenlinna, Helsinki, Finland<br \/>\n2019 Mielen silmin\/ With the Eyes of My Mind, Pori Art Museum, Pori, Finland<br \/>\n2019 Maan oikeus, Turun taidehalli, Turku, Finland &nbsp;&nbsp;&nbsp;&nbsp; &nbsp;<br \/>\n2018 Metsik\/Wild, Estonia<br \/>\n2018 Maailmassa, Vuojoen kartano, Vuojoki<br \/>\n2017 Frontiers in Retreat, Belgrad, Serbia<br \/>\n2017 Mustarinda, Titanik Gallery, Turku<br \/>\n2017 Contemporary Art Exhibition M\u00f6hk\u00f6nvirta, Ilomantsi, Finland<br \/>\n2016 Maalaiset\/Earthlings, Mustarinda, Hyrynsalmi, Finland<br \/>\n2016 Maalaiset\/Earthlings, Gallery Sinne, Helsinki, Finland<br \/>\n2015 Landscape-Metropolis, Power Station Rathenauhallen, Berlin, Germany<br \/>\n2014-15 Sound-Image- Experience, W\u00e4in\u00f6 Aaltonen Museum of Art, Turku, Finland<br \/>\n2014 Art Colony Zlakusa, Usize, Serbia<br \/>\n2014 Contemporary Gallery, Zrenjanin, Serbia<br \/>\n2014 Art Goes Kapakka (Anarchy), Helsinki, Finland<br \/>\n2014 Ruoka\/Food, Haihara Art Centre, Tampere, Finland<br \/>\n2014 M\u00e4ntt\u00e4 Art Festivals, M\u00e4ntt\u00e4, Finland<br \/>\n2014 One Night Only-gallery, Kunstners Hus, Oslo, Norway<br \/>\n2014 Espacio Trap\u00e9zio, Madrid, Spain<br \/>\n2013 Mustarinda, Kainuu, Finland<br \/>\n2012 Artists 2012, Kunsthalle, Helsinki, Finland<br \/>\n2012 Taipei National University of Arts, Taiwan<br \/>\n2011 Detroit Gallery, Stockholm, Sweden<br \/>\n2011 Art Centre Salmela, M\u00e4ntyharju, Finland<br \/>\n2011 Finnish Academy of Fine Arts, Helsinki, Finland<br \/>\n2010 Galleria FAFA, Helsinki, Finland<br \/>\n2009 Galleria Usva, Jyv\u00e4skyl\u00e4, Finland<br \/>\n2009 Art Goes Kapakka, Helsinki, Finland<br \/>\n2009 Gallery Huoltamo, Tampere, Finland<br \/>\n2008 Haihara 08, Tampere, Finland<br \/>\n2008 Nord Art 08, Kunstwerk Carlsh\u00fctte, B\u00fcdelsdorf, Germany<br \/>\n2008 Galerija Doma omladine, Belgrad, Serbia<br \/>\n2008 3h+k Gallery, Pori, Finland<br \/>\n2007 South-Karelia Art Museum, Lappeenranta, Finland<br \/>\n2006 Art Centre M\u00e4ltinranta, Tampere, Finland<br \/>\n2006 N.O.D Gallery, Praque, Czech Republic<br \/>\n2004 Kankaanp\u00e4\u00e4n Taidekoulun galleria<br \/>\n2004 Billboards City Centre Kankaanp\u00e4\u00e4, Finland<br \/>\n2004 Art Kankaanp\u00e4\u00e4 Gallery, Kankaanp\u00e4\u00e4, Finland<br \/>\n2004 Art Kankaanp\u00e4\u00e4 Gallery, Kankaanp\u00e4\u00e4, Finland<br \/>\n2003 Taidepanimo, Lahti, Finland<br \/>\n2003 Rauma Art Museum, Rauma, Finland<\/p>\n<p><strong>Public performances<\/strong><br \/>\n2006 Perf06, Pori, Finland<br \/>\n2003 Her\u00e4tk\u00e4\u00e4 N.Y.T.E!, Pori, Finland<\/p>\n<p><strong>Prizes<\/strong><br \/>\n2014 Award for Environmental Artwork of the Year 2013, Ymp\u00e4rist\u00f6taiteen s\u00e4\u00e4ti\u00f6, Finland<\/p>\n<p><strong>Scholarships<\/strong><\/p>\n<p>2023&nbsp;&nbsp;&nbsp;&nbsp;&nbsp;&nbsp;&nbsp;&nbsp;&nbsp;&nbsp;&nbsp;&nbsp;&nbsp;&nbsp; FRAME-Fund<br \/>\n2022 &nbsp;&nbsp;&nbsp;&nbsp;&nbsp;&nbsp;&nbsp;&nbsp;&nbsp;&nbsp;&nbsp;&nbsp;&nbsp;&nbsp; Arts Promotional Centre Finland<br \/>\n2022 &nbsp;&nbsp;&nbsp;&nbsp;&nbsp;&nbsp;&nbsp;&nbsp;&nbsp;&nbsp;&nbsp;&nbsp;&nbsp;&nbsp; Arts Promotional Centre Finland<br \/>\n2022 &nbsp;&nbsp;&nbsp;&nbsp;&nbsp;&nbsp;&nbsp;&nbsp;&nbsp;&nbsp;&nbsp;&nbsp;&nbsp;&nbsp; Arts Promotional Centre Finland<br \/>\n2021 &nbsp;&nbsp;&nbsp;&nbsp;&nbsp;&nbsp;&nbsp;&nbsp;&nbsp;&nbsp;&nbsp;&nbsp;&nbsp;&nbsp; Arts Promotional Centre Finland<br \/>\n2020 &nbsp;&nbsp;&nbsp;&nbsp;&nbsp;&nbsp;&nbsp;&nbsp;&nbsp;&nbsp;&nbsp;&nbsp;&nbsp;&nbsp; \u00d6flund Foundation<br \/>\n2020 &nbsp;&nbsp;&nbsp;&nbsp;&nbsp;&nbsp;&nbsp;&nbsp;&nbsp;&nbsp;&nbsp;&nbsp;&nbsp;&nbsp; Arts Promotional Centre Finland<br \/>\n2019 &nbsp;&nbsp;&nbsp;&nbsp;&nbsp;&nbsp;&nbsp;&nbsp;&nbsp;&nbsp;&nbsp;&nbsp;&nbsp;&nbsp; Kone foundation<br \/>\n2017&nbsp;&nbsp;&nbsp;&nbsp; &nbsp;&nbsp;&nbsp;&nbsp;&nbsp;&nbsp;&nbsp;&nbsp;&nbsp;&nbsp; Arts Promotional Centre Finland<br \/>\n2016&nbsp; &nbsp; &nbsp; &nbsp; &nbsp; &nbsp; &nbsp; &nbsp; Finnish Cultural Foundation, Uusimaa Regional Fund<br \/>\n2015 &nbsp;&nbsp;&nbsp;&nbsp;&nbsp;&nbsp;&nbsp;&nbsp;&nbsp;&nbsp;&nbsp;&nbsp;&nbsp;&nbsp; Arts Promotional Centre Finland (Jokiranta\/Kariranta)<br \/>\n2014 &nbsp;&nbsp;&nbsp;&nbsp;&nbsp;&nbsp;&nbsp;&nbsp;&nbsp;&nbsp;&nbsp;&nbsp;&nbsp;&nbsp; Arts Promotional Centre Finland<br \/>\n2014 &nbsp;&nbsp;&nbsp;&nbsp;&nbsp;&nbsp;&nbsp;&nbsp;&nbsp;&nbsp;&nbsp;&nbsp;&nbsp;&nbsp; Arts Promotional Centre Finland<br \/>\n2013 &nbsp;&nbsp;&nbsp;&nbsp;&nbsp;&nbsp;&nbsp;&nbsp;&nbsp;&nbsp;&nbsp;&nbsp;&nbsp;&nbsp; Arts Promotional Centre Finland, (Kariranta\/Niittyvirta)<br \/>\n2013 &nbsp;&nbsp;&nbsp;&nbsp;&nbsp;&nbsp;&nbsp;&nbsp;&nbsp;&nbsp;&nbsp;&nbsp;&nbsp;&nbsp; Arts Promotional Centre Finland, Arts Council of Uusimaa, (Kariranta\/Niittyvirta)<br \/>\n2012&nbsp; &nbsp;&nbsp;&nbsp;&nbsp;&nbsp;&nbsp;&nbsp;&nbsp;&nbsp;&nbsp;&nbsp;&nbsp;&nbsp; Finnish Academy of Fine Arts<br \/>\n2011&nbsp;&nbsp;&nbsp;&nbsp;&nbsp;&nbsp;&nbsp;&nbsp;&nbsp;&nbsp; &nbsp;&nbsp;&nbsp;&nbsp;&nbsp; Finnish Academy of Fine Arts<br \/>\n2009 &nbsp;&nbsp;&nbsp;&nbsp;&nbsp;&nbsp;&nbsp;&nbsp;&nbsp;&nbsp;&nbsp;&nbsp;&nbsp;&nbsp; City of Tampere<br \/>\n2008 &nbsp;&nbsp;&nbsp;&nbsp;&nbsp;&nbsp;&nbsp;&nbsp;&nbsp;&nbsp;&nbsp;&nbsp;&nbsp;&nbsp; Alli &amp; Allan Salon Foundation\/Art Society of Tampere<br \/>\n2008 &nbsp;&nbsp;&nbsp;&nbsp;&nbsp;&nbsp;&nbsp;&nbsp;&nbsp;&nbsp;&nbsp;&nbsp;&nbsp;&nbsp; FRAME-Fund<br \/>\n2007 &nbsp;&nbsp;&nbsp;&nbsp;&nbsp;&nbsp;&nbsp;&nbsp;&nbsp;&nbsp;&nbsp;&nbsp;&nbsp;&nbsp; Paulon Foundation<br \/>\n<span style=\"font-size: revert; color: initial; font-family: -apple-system, BlinkMacSystemFont, 'Segoe UI', Roboto, Oxygen-Sans, Ubuntu, Cantarell, 'Helvetica Neue', sans-serif;\">2006 &nbsp;&nbsp;&nbsp;&nbsp;&nbsp;&nbsp;&nbsp;&nbsp;&nbsp;&nbsp;&nbsp;&nbsp;&nbsp;&nbsp; City of Tampere<br \/>\n<\/span>2004 &nbsp;&nbsp;&nbsp;&nbsp;&nbsp;&nbsp;&nbsp;&nbsp;&nbsp;&nbsp;&nbsp;&nbsp;&nbsp;&nbsp; Finnish Cultural Foundation, Satakunta Regional Fund<br \/>\n2003 &nbsp;&nbsp;&nbsp;&nbsp;&nbsp;&nbsp;&nbsp;&nbsp;&nbsp;&nbsp;&nbsp;&nbsp;&nbsp;&nbsp; Satakunta University of Applied Sciences<\/p>\n<p><strong>Works in collections<\/strong><br \/>\nPori Art Museum<\/p>\n<p><strong>Upcoming exhibitions<\/strong><br \/>\n2023 FLASH4, valotaiteen biennaali, Tampere<\/p>\n","protected":false},"excerpt":{"rendered":"<p>Saara-Maria Kariranta Living and working in Inkoo, Finland +358 40 832 6631\u2028saaramaria.kariranta@gmail.com &nbsp; Studies 2022- Doctoral studies, University of Lapland, Finland 2012 Sculpture, Master of Fine Arts (MFA), Finnish Academy of Fine Arts 2009 Specialization studies of Fine Arts 60 cr, Lahti University of Applied Sciences, institute of Fine Arts 2005 Media arts specialization studies, [&hellip;]<\/p>\n","protected":false},"author":1,"featured_media":0,"parent":0,"menu_order":0,"comment_status":"closed","ping_status":"open","template":"","meta":{"ngg_post_thumbnail":0,"footnotes":""},"_links":{"self":[{"href":"http:\/\/www.kariranta.com\/index.php?rest_route=\/wp\/v2\/pages\/74"}],"collection":[{"href":"http:\/\/www.kariranta.com\/index.php?rest_route=\/wp\/v2\/pages"}],"about":[{"href":"http:\/\/www.kariranta.com\/index.php?rest_route=\/wp\/v2\/types\/page"}],"author":[{"embeddable":true,"href":"http:\/\/www.kariranta.com\/index.php?rest_route=\/wp\/v2\/users\/1"}],"replies":[{"embeddable":true,"href":"http:\/\/www.kariranta.com\/index.php?rest_route=%2Fwp%2Fv2%2Fcomments&post=74"}],"version-history":[{"count":77,"href":"http:\/\/www.kariranta.com\/index.php?rest_route=\/wp\/v2\/pages\/74\/revisions"}],"predecessor-version":[{"id":706,"href":"http:\/\/www.kariranta.com\/index.php?rest_route=\/wp\/v2\/pages\/74\/revisions\/706"}],"wp:attachment":[{"href":"http:\/\/www.kariranta.com\/index.php?rest_route=%2Fwp%2Fv2%2Fmedia&parent=74"}],"curies":[{"name":"wp","href":"https:\/\/api.w.org\/{rel}","templated":true}]}}